{"id":3891,"date":"2026-04-15T14:14:01","date_gmt":"2026-04-15T14:14:01","guid":{"rendered":"https:\/\/takit-posse.com\/product\/evolubird-sweatshirt\/"},"modified":"2026-04-15T14:19:15","modified_gmt":"2026-04-15T14:19:15","slug":"evolubird-sweatshirt","status":"publish","type":"product","link":"https:\/\/takit-posse.com\/en\/product\/evolubird-sweatshirt\/","title":{"rendered":"Evolubird Sweatshirt"},"content":{"rendered":"<p>Sweatshirt intemporel et r\u00e9sistant, pens\u00e9 pour vous accompagner au quotidien, il s\u2019accorde facilement avec toutes vos tenues. Le Sweatshirt Evolubird pr\u00e9sente une coupe large d\u00e9contract\u00e9e, offrant \u00e0 la fois confort et style. En le portant, tous les oizos du coin vous ouvrent les portes de leurs jardins comme si vous \u00e9tiez des leurs.<\/p>\n<p>\u2022 100\u00a0% coton organique<br \/>\n\u2022 Poids du tissu\u00a0: 350\u00a0g\/m\u00b2 (10,32 oz\/yd\u00b2)<br \/>\n\u2022 Coupe standard<br \/>\n\u2022 Manches encastr\u00e9es<br \/>\n\u2022 Capuche doubl\u00e9e dans le m\u00eame tissu<br \/>\n\u2022 Le tissu de ce produit est certifi\u00e9 OEKO-TEX Standard\u00a0100 et OCS (Organic Content Standard)<br \/>\n\u2022 Le tissu de ce produit est certifi\u00e9 OEKO-TEX Standard\u00a0100 et v\u00e9g\u00e9talien approuv\u00e9 par PETA<\/p>\n<p>\u2022 Tra\u00e7abilit\u00e9\u00a0:<br \/>\n&#8211; Tissage : Bangladesh<br \/>\n&#8211; Teinture : Bangladesh<br \/>\n&#8211; Fabrication : Bangladesh<br \/>\n\u2022 Contient 100\u00a0% de coton biologique<br \/>\n\u2022 Contient 0\u00a0% de substances dangereuses<\/p>\n","protected":false},"excerpt":{"rendered":"<p>Sweatshirt intemporel et r\u00e9sistant, pens\u00e9 pour vous accompagner au quotidien, il s\u2019accorde facilement avec toutes vos tenues. Le Sweatshirt Evolubird pr\u00e9sente une coupe large d\u00e9contract\u00e9e, offrant \u00e0 la fois confort et style. En le portant, tous les oizos du coin vous ouvrent les portes de leurs jardins comme si vous \u00e9tiez des leurs. \u2022 100\u00a0% [&hellip;]<\/p>\n","protected":false},"featured_media":3909,"comment_status":"open","ping_status":"closed","template":"","meta":[],"product_brand":[],"product_cat":[40],"product_tag":[],"class_list":{"0":"post-3891","1":"product","2":"type-product","3":"status-publish","4":"has-post-thumbnail","6":"product_cat-pulls","8":"first","9":"instock","10":"shipping-taxable","11":"purchasable","12":"product-type-variable"},"_links":{"self":[{"href":"https:\/\/takit-posse.com\/en\/wp-json\/wp\/v2\/product\/3891","targetHints":{"allow":["GET"]}}],"collection":[{"href":"https:\/\/takit-posse.com\/en\/wp-json\/wp\/v2\/product"}],"about":[{"href":"https:\/\/takit-posse.com\/en\/wp-json\/wp\/v2\/types\/product"}],"replies":[{"embeddable":true,"href":"https:\/\/takit-posse.com\/en\/wp-json\/wp\/v2\/comments?post=3891"}],"wp:featuredmedia":[{"embeddable":true,"href":"https:\/\/takit-posse.com\/en\/wp-json\/wp\/v2\/media\/3909"}],"wp:attachment":[{"href":"https:\/\/takit-posse.com\/en\/wp-json\/wp\/v2\/media?parent=3891"}],"wp:term":[{"taxonomy":"product_brand","embeddable":true,"href":"https:\/\/takit-posse.com\/en\/wp-json\/wp\/v2\/product_brand?post=3891"},{"taxonomy":"product_cat","embeddable":true,"href":"https:\/\/takit-posse.com\/en\/wp-json\/wp\/v2\/product_cat?post=3891"},{"taxonomy":"product_tag","embeddable":true,"href":"https:\/\/takit-posse.com\/en\/wp-json\/wp\/v2\/product_tag?post=3891"}],"curies":[{"name":"wp","href":"https:\/\/api.w.org\/{rel}","templated":true}]}}