{"id":3758,"date":"2026-04-14T23:12:04","date_gmt":"2026-04-14T23:12:04","guid":{"rendered":"https:\/\/takit-posse.com\/product\/welcome-to-the-backyard-t-shirt\/"},"modified":"2026-04-15T12:12:31","modified_gmt":"2026-04-15T12:12:31","slug":"welcome-to-the-backyard-t-shirt","status":"publish","type":"product","link":"https:\/\/takit-posse.com\/es\/product\/welcome-to-the-backyard-t-shirt\/","title":{"rendered":"Welcome to the Backyard T-shirt"},"content":{"rendered":"<p>T-shirt intemporel et r\u00e9sistant, pens\u00e9 pour vous accompagner au quotidien, il s\u2019accorde facilement avec toutes vos tenues. The Evolubird T-Shirt pr\u00e9sente une coupe oversize d\u00e9contract\u00e9e avec des manches courtes et un col c\u00f4tel\u00e9, offrant \u00e0 la fois confort et style. Tel l&#8217;oizo sortant de l&#8217;\u0153uf partez d\u00e9couvrir votre jardin !<\/p>\n<p>\u2022 100\u00a0% coton peign\u00e9 fil\u00e9 \u00e0 l&#8217;anneau<br \/>\n\u2022 Poids du tissu\u00a0: 237,34\u00a0g\/m\u00b2 (7\u00a0oz.\/yd.\u00b2)<br \/>\n\u2022 Coupe d\u00e9contract\u00e9e oversize<br \/>\n\u2022 \u00c9paules tombantes<br \/>\n\u2022 Col renforc\u00e9 c\u00f4tel\u00e9<br \/>\n\u2022 Fabriqu\u00e9 au Bangladesh<\/p>\n","protected":false},"excerpt":{"rendered":"<p>T-shirt intemporel et r\u00e9sistant, pens\u00e9 pour vous accompagner au quotidien, il s\u2019accorde facilement avec toutes vos tenues. The Evolubird T-Shirt pr\u00e9sente une coupe oversize d\u00e9contract\u00e9e avec des manches courtes et un col c\u00f4tel\u00e9, offrant \u00e0 la fois confort et style. Tel l&#8217;oizo sortant de l&#8217;\u0153uf partez d\u00e9couvrir votre jardin ! \u2022 100\u00a0% coton peign\u00e9 fil\u00e9 [&hellip;]<\/p>\n","protected":false},"featured_media":3804,"comment_status":"open","ping_status":"closed","template":"","meta":[],"product_brand":[],"product_cat":[41],"product_tag":[],"class_list":{"0":"post-3758","1":"product","2":"type-product","3":"status-publish","4":"has-post-thumbnail","6":"product_cat-tshirts","8":"first","9":"instock","10":"shipping-taxable","11":"purchasable","12":"product-type-variable","13":"has-default-attributes"},"_links":{"self":[{"href":"https:\/\/takit-posse.com\/es\/wp-json\/wp\/v2\/product\/3758","targetHints":{"allow":["GET"]}}],"collection":[{"href":"https:\/\/takit-posse.com\/es\/wp-json\/wp\/v2\/product"}],"about":[{"href":"https:\/\/takit-posse.com\/es\/wp-json\/wp\/v2\/types\/product"}],"replies":[{"embeddable":true,"href":"https:\/\/takit-posse.com\/es\/wp-json\/wp\/v2\/comments?post=3758"}],"wp:featuredmedia":[{"embeddable":true,"href":"https:\/\/takit-posse.com\/es\/wp-json\/wp\/v2\/media\/3804"}],"wp:attachment":[{"href":"https:\/\/takit-posse.com\/es\/wp-json\/wp\/v2\/media?parent=3758"}],"wp:term":[{"taxonomy":"product_brand","embeddable":true,"href":"https:\/\/takit-posse.com\/es\/wp-json\/wp\/v2\/product_brand?post=3758"},{"taxonomy":"product_cat","embeddable":true,"href":"https:\/\/takit-posse.com\/es\/wp-json\/wp\/v2\/product_cat?post=3758"},{"taxonomy":"product_tag","embeddable":true,"href":"https:\/\/takit-posse.com\/es\/wp-json\/wp\/v2\/product_tag?post=3758"}],"curies":[{"name":"wp","href":"https:\/\/api.w.org\/{rel}","templated":true}]}}