{"id":3779,"date":"2026-04-14T23:18:45","date_gmt":"2026-04-14T23:18:45","guid":{"rendered":"https:\/\/takit-posse.com\/product\/t-shirt-boxy-homme\/"},"modified":"2026-04-15T12:38:28","modified_gmt":"2026-04-15T12:38:28","slug":"t-shirt-boxy-homme","status":"publish","type":"product","link":"https:\/\/takit-posse.com\/es\/product\/t-shirt-boxy-homme\/","title":{"rendered":"Active Birds T-shirt"},"content":{"rendered":"<p>T-shirt intemporel et r\u00e9sistant, pens\u00e9 pour vous accompagner au quotidien, il s\u2019accorde facilement avec toutes vos tenues. Active Birds T-Shirt pr\u00e9sente une coupe oversize d\u00e9contract\u00e9e avec des manches courtes et un col c\u00f4tel\u00e9, offrant confort et libert\u00e9 de mouvement. Pourquoi choisir un seul sport quand tu peux tous les faire ?<\/p>\n<p>\u2022 100\u00a0% coton peign\u00e9 fil\u00e9 \u00e0 l&#8217;anneau<br \/>\n\u2022 Poids du tissu\u00a0: 237,34\u00a0g\/m\u00b2 (7\u00a0oz.\/yd.\u00b2)<br \/>\n\u2022 Coupe d\u00e9contract\u00e9e oversize<br \/>\n\u2022 \u00c9paules tombantes<br \/>\n\u2022 Col renforc\u00e9 c\u00f4tel\u00e9<br \/>\n\u2022 Fabriqu\u00e9 au Bangladesh<\/p>\n","protected":false},"excerpt":{"rendered":"<p>T-shirt intemporel et r\u00e9sistant, pens\u00e9 pour vous accompagner au quotidien, il s\u2019accorde facilement avec toutes vos tenues. Active Birds T-Shirt pr\u00e9sente une coupe oversize d\u00e9contract\u00e9e avec des manches courtes et un col c\u00f4tel\u00e9, offrant confort et libert\u00e9 de mouvement. Pourquoi choisir un seul sport quand tu peux tous les faire ? \u2022 100\u00a0% coton peign\u00e9 [&hellip;]<\/p>\n","protected":false},"featured_media":3792,"comment_status":"open","ping_status":"closed","template":"","meta":[],"product_brand":[],"product_cat":[41],"product_tag":[],"class_list":{"0":"post-3779","1":"product","2":"type-product","3":"status-publish","4":"has-post-thumbnail","6":"product_cat-tshirts","8":"first","9":"instock","10":"shipping-taxable","11":"purchasable","12":"product-type-variable"},"_links":{"self":[{"href":"https:\/\/takit-posse.com\/es\/wp-json\/wp\/v2\/product\/3779","targetHints":{"allow":["GET"]}}],"collection":[{"href":"https:\/\/takit-posse.com\/es\/wp-json\/wp\/v2\/product"}],"about":[{"href":"https:\/\/takit-posse.com\/es\/wp-json\/wp\/v2\/types\/product"}],"replies":[{"embeddable":true,"href":"https:\/\/takit-posse.com\/es\/wp-json\/wp\/v2\/comments?post=3779"}],"wp:featuredmedia":[{"embeddable":true,"href":"https:\/\/takit-posse.com\/es\/wp-json\/wp\/v2\/media\/3792"}],"wp:attachment":[{"href":"https:\/\/takit-posse.com\/es\/wp-json\/wp\/v2\/media?parent=3779"}],"wp:term":[{"taxonomy":"product_brand","embeddable":true,"href":"https:\/\/takit-posse.com\/es\/wp-json\/wp\/v2\/product_brand?post=3779"},{"taxonomy":"product_cat","embeddable":true,"href":"https:\/\/takit-posse.com\/es\/wp-json\/wp\/v2\/product_cat?post=3779"},{"taxonomy":"product_tag","embeddable":true,"href":"https:\/\/takit-posse.com\/es\/wp-json\/wp\/v2\/product_tag?post=3779"}],"curies":[{"name":"wp","href":"https:\/\/api.w.org\/{rel}","templated":true}]}}