{"id":3733,"date":"2026-04-14T22:57:17","date_gmt":"2026-04-14T22:57:17","guid":{"rendered":"https:\/\/takit-posse.com\/product\/evolubird-t-shirt\/"},"modified":"2026-04-15T12:18:13","modified_gmt":"2026-04-15T12:18:13","slug":"evolubird-t-shirt","status":"publish","type":"product","link":"https:\/\/takit-posse.com\/it\/product\/evolubird-t-shirt\/","title":{"rendered":"Evolubird T-shirt"},"content":{"rendered":"<p>T-shirt intemporel et r\u00e9sistant, pens\u00e9 pour vous accompagner au quotidien, il s\u2019accorde facilement avec toutes vos tenues. The Evolubird T-Shirt pr\u00e9sente une coupe oversize d\u00e9contract\u00e9e avec des manches courtes et un col c\u00f4tel\u00e9, offrant \u00e0 la fois confort et style. En le portant, tous les oizos du coin vous ouvrent les portes de leurs jardins comme si vous \u00e9tiez des leurs.<\/p>\n<p>\u2022 100\u00a0% coton peign\u00e9 fil\u00e9 \u00e0 l&#8217;anneau<br \/>\n\u2022 Poids du tissu\u00a0: 237,34\u00a0g\/m\u00b2 (7\u00a0oz.\/yd.\u00b2)<br \/>\n\u2022 Coupe d\u00e9contract\u00e9e oversize<br \/>\n\u2022 \u00c9paules tombantes<br \/>\n\u2022 Col renforc\u00e9 c\u00f4tel\u00e9<br \/>\n\u2022 Fabriqu\u00e9 au Bangladesh<\/p>\n","protected":false},"excerpt":{"rendered":"<p>T-shirt intemporel et r\u00e9sistant, pens\u00e9 pour vous accompagner au quotidien, il s\u2019accorde facilement avec toutes vos tenues. The Evolubird T-Shirt pr\u00e9sente une coupe oversize d\u00e9contract\u00e9e avec des manches courtes et un col c\u00f4tel\u00e9, offrant \u00e0 la fois confort et style. En le portant, tous les oizos du coin vous ouvrent les portes de leurs jardins [&hellip;]<\/p>\n","protected":false},"featured_media":3757,"comment_status":"open","ping_status":"closed","template":"","meta":[],"product_brand":[],"product_cat":[41],"product_tag":[],"class_list":{"0":"post-3733","1":"product","2":"type-product","3":"status-publish","4":"has-post-thumbnail","6":"product_cat-tshirts","8":"first","9":"instock","10":"shipping-taxable","11":"purchasable","12":"product-type-variable"},"_links":{"self":[{"href":"https:\/\/takit-posse.com\/it\/wp-json\/wp\/v2\/product\/3733","targetHints":{"allow":["GET"]}}],"collection":[{"href":"https:\/\/takit-posse.com\/it\/wp-json\/wp\/v2\/product"}],"about":[{"href":"https:\/\/takit-posse.com\/it\/wp-json\/wp\/v2\/types\/product"}],"replies":[{"embeddable":true,"href":"https:\/\/takit-posse.com\/it\/wp-json\/wp\/v2\/comments?post=3733"}],"wp:featuredmedia":[{"embeddable":true,"href":"https:\/\/takit-posse.com\/it\/wp-json\/wp\/v2\/media\/3757"}],"wp:attachment":[{"href":"https:\/\/takit-posse.com\/it\/wp-json\/wp\/v2\/media?parent=3733"}],"wp:term":[{"taxonomy":"product_brand","embeddable":true,"href":"https:\/\/takit-posse.com\/it\/wp-json\/wp\/v2\/product_brand?post=3733"},{"taxonomy":"product_cat","embeddable":true,"href":"https:\/\/takit-posse.com\/it\/wp-json\/wp\/v2\/product_cat?post=3733"},{"taxonomy":"product_tag","embeddable":true,"href":"https:\/\/takit-posse.com\/it\/wp-json\/wp\/v2\/product_tag?post=3733"}],"curies":[{"name":"wp","href":"https:\/\/api.w.org\/{rel}","templated":true}]}}