{"id":3981,"date":"2026-04-17T10:09:08","date_gmt":"2026-04-17T10:09:08","guid":{"rendered":"https:\/\/takit-posse.com\/product\/t-shirt-lescalade\/"},"modified":"2026-04-17T10:54:01","modified_gmt":"2026-04-17T10:54:01","slug":"t-shirt-lescalade","status":"publish","type":"product","link":"https:\/\/takit-posse.com\/it\/product\/t-shirt-lescalade\/","title":{"rendered":"T-Shirt L&#8217;escalade"},"content":{"rendered":"<p>L\u00e9ger, doux et respirant, ce t-shirt est taill\u00e9 pour tous les baroudeurs de la grimpe, \u00e0 l\u2019aise sur la paroi comme au quotidien. Intemporel et r\u00e9sistant, il s\u2019accorde facilement avec toutes vos tenues. L&#8217;escalade T-Shirt pr\u00e9sente une coupe oversize d\u00e9contract\u00e9e avec des manches courtes et un col c\u00f4tel\u00e9, offrant une libert\u00e9 de mouvement id\u00e9ale pour envoyer en escalade\u2026 parce qu\u2019entre deux prises, autant le faire avec style.<\/p>\n<p>\u2022 100\u00a0% coton peign\u00e9 fil\u00e9 \u00e0 l&#8217;anneau<br \/>\n\u2022 Poids du tissu\u00a0: 237,34\u00a0g\/m\u00b2 (7\u00a0oz.\/yd.\u00b2)<br \/>\n\u2022 Coupe d\u00e9contract\u00e9e oversize<br \/>\n\u2022 \u00c9paules tombantes<br \/>\n\u2022 Col renforc\u00e9 c\u00f4tel\u00e9<br \/>\n\u2022 Fabriqu\u00e9 au Bangladesh<\/p>\n","protected":false},"excerpt":{"rendered":"<p>L\u00e9ger, doux et respirant, ce t-shirt est taill\u00e9 pour tous les baroudeurs de la grimpe, \u00e0 l\u2019aise sur la paroi comme au quotidien. Intemporel et r\u00e9sistant, il s\u2019accorde facilement avec toutes vos tenues. L&#8217;escalade T-Shirt pr\u00e9sente une coupe oversize d\u00e9contract\u00e9e avec des manches courtes et un col c\u00f4tel\u00e9, offrant une libert\u00e9 de mouvement id\u00e9ale pour [&hellip;]<\/p>\n","protected":false},"featured_media":3994,"comment_status":"open","ping_status":"closed","template":"","meta":[],"product_brand":[],"product_cat":[41],"product_tag":[],"class_list":{"0":"post-3981","1":"product","2":"type-product","3":"status-publish","4":"has-post-thumbnail","6":"product_cat-tshirts","8":"first","9":"instock","10":"featured","11":"shipping-taxable","12":"purchasable","13":"product-type-variable"},"_links":{"self":[{"href":"https:\/\/takit-posse.com\/it\/wp-json\/wp\/v2\/product\/3981","targetHints":{"allow":["GET"]}}],"collection":[{"href":"https:\/\/takit-posse.com\/it\/wp-json\/wp\/v2\/product"}],"about":[{"href":"https:\/\/takit-posse.com\/it\/wp-json\/wp\/v2\/types\/product"}],"replies":[{"embeddable":true,"href":"https:\/\/takit-posse.com\/it\/wp-json\/wp\/v2\/comments?post=3981"}],"wp:featuredmedia":[{"embeddable":true,"href":"https:\/\/takit-posse.com\/it\/wp-json\/wp\/v2\/media\/3994"}],"wp:attachment":[{"href":"https:\/\/takit-posse.com\/it\/wp-json\/wp\/v2\/media?parent=3981"}],"wp:term":[{"taxonomy":"product_brand","embeddable":true,"href":"https:\/\/takit-posse.com\/it\/wp-json\/wp\/v2\/product_brand?post=3981"},{"taxonomy":"product_cat","embeddable":true,"href":"https:\/\/takit-posse.com\/it\/wp-json\/wp\/v2\/product_cat?post=3981"},{"taxonomy":"product_tag","embeddable":true,"href":"https:\/\/takit-posse.com\/it\/wp-json\/wp\/v2\/product_tag?post=3981"}],"curies":[{"name":"wp","href":"https:\/\/api.w.org\/{rel}","templated":true}]}}